{"id":215,"date":"2024-10-21T16:57:03","date_gmt":"2024-10-21T14:57:03","guid":{"rendered":"https:\/\/site.bulletindepsychologie.net\/?page_id=215"},"modified":"2025-09-25T07:53:30","modified_gmt":"2025-09-25T05:53:30","slug":"appel-a-don","status":"publish","type":"page","link":"https:\/\/site.bulletindepsychologie.net\/index.php\/appel-a-don\/","title":{"rendered":"Appel \u00e0 don"},"content":{"rendered":"\n<h2 class=\"wp-block-heading\" style=\"font-size:40px\">Appel \u00e0 don<\/h2>\n\n\n\n<p style=\"font-size:18px\"><strong>Pour \u00e9tendre la diffusion des recherches de psychologie en langue fran\u00e7aise<\/strong><\/p>\n\n\n\n<p class=\"has-small-font-size\">Le\u00a0<em>bulletin de psychologie<\/em>\u00a0est aujourd\u2019hui la derni\u00e8re revue g\u00e9n\u00e9raliste de psychologie en langue fran\u00e7aise, ind\u00e9pendante de tout \u00e9diteur commercial.<\/p>\n\n\n\n<p class=\"has-small-font-size\">Ces dix derni\u00e8res ann\u00e9es, des revues ont abandonn\u00e9 le fran\u00e7ais pour l\u2019anglais et d\u2019autres sont tomb\u00e9es sous la coupe de grands groupes d\u2019\u00e9dition priv\u00e9s, perdant leur ind\u00e9pendance. La p\u00e9riode est en effet difficile pour l\u2019\u00e9dition scientifique. Les biblioth\u00e8ques, confront\u00e9es \u00e0 des tarifs d\u00e9raisonnables en augmentation constante <sup data-fn=\"800bba51-827b-4ded-b505-79c13e9a3ccc\" class=\"fn\"><a href=\"#800bba51-827b-4ded-b505-79c13e9a3ccc\" id=\"800bba51-827b-4ded-b505-79c13e9a3ccc-link\">1<\/a><\/sup>, ont d\u00fb arr\u00eater des abonnements papier : des collections parfois tr\u00e8s anciennes ont \u00e9t\u00e9 stopp\u00e9es net <sup data-fn=\"b56d2fa3-6bd5-4328-bc74-768435014564\" class=\"fn\"><a href=\"#b56d2fa3-6bd5-4328-bc74-768435014564\" id=\"b56d2fa3-6bd5-4328-bc74-768435014564-link\">2<\/a><\/sup>.<\/p>\n\n\n\n<p class=\"has-small-font-size\">Le\u00a0<em>bulletin de psychologie<\/em>, poursuivant son objectif \u2013 encourager et d\u00e9velopper la publication de travaux scientifiques en langue fran\u00e7aise dans le domaine de la psychologie \u2013 doit maintenir son \u00e9dition papier \u00e0 c\u00f4t\u00e9 de son \u00e9dition num\u00e9rique disponible sur CAIRN.<\/p>\n\n\n\n<p class=\"has-small-font-size\">Si les biblioth\u00e8ques universitaires des pays riches sont aujourd\u2019hui ruin\u00e9es par les bouquets num\u00e9riques de commer\u00e7ants qui s\u2019int\u00e9ressent \u00e0 la recherche parce qu\u2019elle est financi\u00e8rement tr\u00e8s rentable (accaparant de l\u2019argent public destin\u00e9 \u00e0 l\u2019\u00e9ducation et la recherche pour satisfaire des int\u00e9r\u00eats priv\u00e9s&nbsp;<sup data-fn=\"062d9ead-1a10-4754-9f1a-c1ff3edc897e\" class=\"fn\"><a href=\"#062d9ead-1a10-4754-9f1a-c1ff3edc897e\" id=\"062d9ead-1a10-4754-9f1a-c1ff3edc897e-link\">3<\/a><\/sup>), d\u2019autres biblioth\u00e8ques n\u2019ont pas les moyens de s\u2019abonner \u00e0 des revues. Et elles sont nombreuses dans les pays francophones.&nbsp;<\/p>\n\n\n\n<p class=\"has-small-font-size\">C\u2019est en faveur de biblioth\u00e8ques desservant cette population francophone qui ne cesse de cro\u00eetre (274 millions aujourd\u2019hui et plus du double dans seulement 15 ans\u00a0<sup data-fn=\"81a16a0f-ce07-4775-bfc0-bd616ea50fd8\" class=\"fn\"><a href=\"#81a16a0f-ce07-4775-bfc0-bd616ea50fd8\" id=\"81a16a0f-ce07-4775-bfc0-bd616ea50fd8-link\">4<\/a><\/sup>), que nous vous proposons de faire un don au\u00a0<em>bulletin de psychologie<\/em>. La totalit\u00e9 de votre don sera affect\u00e9e \u00e0 un abonnement au profit d\u2019une ou de plusieurs biblioth\u00e8ques ou centres de documentation.<\/p>\n\n\n\n<p class=\"has-small-font-size\">Cette plus large diffusion du\u00a0<em>bulletin de psychologie<\/em>\u00a0contribuera \u00e0 faire conna\u00eetre \u00e0 travers le monde des travaux de psychologie en langue fran\u00e7aise et accompagnera la croissance de la langue fran\u00e7aise dans le monde. Elle permettra d\u2019assurer durablement l\u2019ind\u00e9pendance du\u00a0<em>bulletin de psychologie<\/em>\u00a0et garantira sur le long terme son \u00e9dition papier.<\/p>\n\n\n\n<p class=\"has-small-font-size\">Soutenez le\u00a0<em>bulletin de psychologie<\/em>\u00a0en faisant un don ou en vous abonnant ou et soyez assur\u00e9 que l\u2019argent de la recherche (abonnements de biblioth\u00e8ques ou de particuliers, dons) ne sert qu\u2019\u00e0 la recherche, \u00e0 son partage, \u00e0 sa diffusion\u00a0<sup data-fn=\"3253cadd-7216-4734-a7e0-25ad4685a617\" class=\"fn\"><a href=\"#3253cadd-7216-4734-a7e0-25ad4685a617\" id=\"3253cadd-7216-4734-a7e0-25ad4685a617-link\">5<\/a><\/sup>.<br>Avec nos remerciements pour votre soutien.<\/p>\n\n\n\n<hr class=\"wp-block-separator has-alpha-channel-opacity\"\/>\n\n\n\n<h3 class=\"wp-block-heading\" style=\"font-size:40px\">Faire un don<\/h3>\n\n\n\n<p class=\"has-small-font-size\">Vous pourrez d\u00e9duire 66 % des sommes vers\u00e9es dans la limite de 20&nbsp;% de votre revenu imposable (nous vous enverrons un re\u00e7u fiscal).<\/p>\n\n\n\n<figure style=\"line-height:0.8\" class=\"wp-block-table has-small-font-size\"><table class=\"has-fixed-layout\"><tbody><tr><td class=\"has-text-align-center\" data-align=\"center\"><strong>Vous donnez<\/strong><\/td><td class=\"has-text-align-center\" data-align=\"center\"><strong>Vous d\u00e9duisez<\/strong><\/td><td class=\"has-text-align-center\" data-align=\"center\"><strong>Vous offrez<\/strong><\/td><\/tr><tr><td class=\"has-text-align-center\" data-align=\"center\">&nbsp;&nbsp;75 \u20ac<\/td><td class=\"has-text-align-center\" data-align=\"center\">&nbsp;&nbsp;50 \u20ac<\/td><td class=\"has-text-align-center\" data-align=\"center\">1 abonnement<\/td><\/tr><tr><td class=\"has-text-align-center\" data-align=\"center\">150 \u20ac<\/td><td class=\"has-text-align-center\" data-align=\"center\">100 \u20ac<\/td><td class=\"has-text-align-center\" data-align=\"center\">2 abonnements<\/td><\/tr><tr><td class=\"has-text-align-center\" data-align=\"center\">225 \u20ac<\/td><td class=\"has-text-align-center\" data-align=\"center\">150 \u20ac<\/td><td class=\"has-text-align-center\" data-align=\"center\">3 abonnements<\/td><\/tr><tr><td class=\"has-text-align-center\" data-align=\"center\">450 \u20ac<\/td><td class=\"has-text-align-center\" data-align=\"center\">300 \u20ac<\/td><td class=\"has-text-align-center\" data-align=\"center\">6 abonnements<\/td><\/tr><tr><td class=\"has-text-align-center\" data-align=\"center\">750 \u20ac<\/td><td class=\"has-text-align-center\" data-align=\"center\">500 \u20ac<\/td><td class=\"has-text-align-center\" data-align=\"center\">10 abonnements<\/td><\/tr><\/tbody><\/table><\/figure>\n\n\n\n<p class=\"has-small-font-size\">\u2022 Par ch\u00e8que, libeller \u00e0 l\u2019ordre de <em>bulletin de psychologie <\/em>et adresser le tout \u00e0&nbsp;: <em>bulletin de psychologie<\/em><strong>, <\/strong>17 rue de la Sorbonne, 75230 Paris cedex 05, France.<\/p>\n\n\n\n<p class=\"has-small-font-size\">\u2022 Par virement&nbsp;: IBAN. Identifiant international de compte : FR05 2004 1000 0110 5700 0U02 086&nbsp;; Bank identifier code (BIC) : PSSTFRPPPAR<\/p>\n\n\n\n<p class=\"has-small-font-size\">\u2022 Par carte bancaire : <a href=\"https:\/\/site.bulletindepsychologie.net\/index.php\/abonnements-et-numeros\/\" data-type=\"page\" data-id=\"102\">Abonnements et num\u00e9ros<\/a><\/p>\n\n\n\n<hr class=\"wp-block-separator has-alpha-channel-opacity\"\/>\n\n\n\n<h3 class=\"wp-block-heading\" style=\"font-size:40px\">Suggestions pour l\u2019utilisation des dons<\/h3>\n\n\n\n<p class=\"has-foreground-color has-text-color has-link-color has-small-font-size wp-elements-f73252f8bcfa2e185e7ad2ea33b0707e\">Ind\u00e9pendamment du montant de votre don, merci de nous indiquer par courriel (<a href=\"mailto:bulletin@bulletindepsychologie.net\">bulletin@bulletindepsychologie.net<\/a>) des biblioth\u00e8ques, centres de recherches ou de formation qui pourraient, selon vous, avoir besoin d\u2019un abonnement au bulletin de psychologie.<\/p>\n\n\n\n<hr class=\"wp-block-separator has-alpha-channel-opacity is-style-wide\"\/>\n\n\n<ol class=\"wp-block-footnotes has-small-font-size\"><li id=\"800bba51-827b-4ded-b505-79c13e9a3ccc\">Biblioth\u00e8que interuniversitaire de sant\u00e9 Paris Descartes, contraintes budg\u00e9taires et d\u00e9sabonnements<a href=\"http:\/\/www2.biusante.parisdescartes.fr\/wordpress\/index.php\/contraintes-budgetaires-desabonnements-2014\/\">www2.biusante.parisdescartes.fr\/wordpress\/index.php\/contraintes-budgetaires-desabonnements-2014<\/a>  <a href=\"#800bba51-827b-4ded-b505-79c13e9a3ccc-link\" aria-label=\"Aller \u00e0 la note de bas de page 1\">\u21a9\ufe0e<\/a><\/li><li id=\"b56d2fa3-6bd5-4328-bc74-768435014564\">Avec des tarifs qui ne cessent d\u2019augmenter \u2013 6 \u00e0 8\u00a0% chaque ann\u00e9e (<a href=\"http:\/\/www.cairn.info\/revue-bulletin-de-psychologie-2011-1-page-61.htm\">www.cairn.info\/revue-bulletin-de-psychologie-2011-1-page-61.htm<\/a>) \u2013, de grands groupes priv\u00e9s r\u00e9alisent des marges consid\u00e9rables (30% \u00e0 40% de b\u00e9n\u00e9fice) (<a href=\"http:\/\/rue89.nouvelobs.com\/2014\/11\/10\/france-prefere-payer-deux-fois-les-articles-chercheurs-255964\">http:\/\/rue89.nouvelobs.com\/2014\/11\/10\/france-prefere-payer-deux-fois-les-articles-chercheurs-255964<\/a>). <a href=\"#b56d2fa3-6bd5-4328-bc74-768435014564-link\" aria-label=\"Aller \u00e0 la note de bas de page 2\">\u21a9\ufe0e<\/a><\/li><li id=\"062d9ead-1a10-4754-9f1a-c1ff3edc897e\">Comme le r\u00e9sume Robert Darnton, directeur de la biblioth\u00e8que d\u2019Harvard\u00a0: \u00ab\u00a0Nous faisons les recherches, \u00e9crivons les articles, \u0153uvrons au r\u00e9f\u00e9rencement des articles par d\u2019autres chercheurs, le tout gratuitement\u2026 Et ensuite nous rachetons le r\u00e9sultat de notre travail \u00e0 des prix scandaleux.\u00a0\u00bb\u00a0<a href=\"http:\/\/www.theguardian.com\/science\/2012\/apr\/24\/harvard-university-journal-publishers-prices\">www.theguardian.com\/science\/2012\/apr\/24\/harvard-university-journal-publishers-prices<\/a>.<br>Cette petite video r\u00e9sume bien la situation :\u00a0<strong><a href=\"https:\/\/www.youtube.com\/watch?v=WnxqoP-c0ZE\" target=\"_blank\" rel=\"noreferrer noopener\">Priv\u00e9s de savoir ?<\/a><\/strong>  <a href=\"#062d9ead-1a10-4754-9f1a-c1ff3edc897e-link\" aria-label=\"Aller \u00e0 la note de bas de page 3\">\u21a9\ufe0e<\/a><\/li><li id=\"81a16a0f-ce07-4775-bfc0-bd616ea50fd8\"><a href=\"http:\/\/www.francophonie.org\/Denombrement-des-francophones.html\">http:\/\/www.francophonie.org\/Denombrement-des-francophones.html<\/a> <a href=\"#81a16a0f-ce07-4775-bfc0-bd616ea50fd8-link\" aria-label=\"Aller \u00e0 la note de bas de page 4\">\u21a9\ufe0e<\/a><\/li><li id=\"3253cadd-7216-4734-a7e0-25ad4685a617\">Nos b\u00e9n\u00e9fices sont r\u00e9investis dans la revue. Par exemple, d\u00e8s cette ann\u00e9e, les revenus tir\u00e9s des abonnements num\u00e9riques seront utilis\u00e9s pour financer la traduction en anglais de textes publi\u00e9s dans l\u2019\u00e9dition papier. Nous esp\u00e9rons financer la traduction d\u2019une dizaine de textes qui seront mis en ligne sur CAIRN International.  <a href=\"#3253cadd-7216-4734-a7e0-25ad4685a617-link\" aria-label=\"Aller \u00e0 la note de bas de page 5\">\u21a9\ufe0e<\/a><\/li><\/ol>","protected":false},"excerpt":{"rendered":"<p>Appel \u00e0 don Pour \u00e9tendre la diffusion des recherches de psychologie en langue fran\u00e7aise Le\u00a0bulletin de psychologie\u00a0est aujourd\u2019hui la derni\u00e8re revue g\u00e9n\u00e9raliste de psychologie en langue fran\u00e7aise, ind\u00e9pendante de tout \u00e9diteur commercial. Ces dix derni\u00e8res ann\u00e9es, des revues ont abandonn\u00e9 le fran\u00e7ais pour l\u2019anglais et d\u2019autres sont tomb\u00e9es sous la coupe de grands groupes d\u2019\u00e9dition [&hellip;]<\/p>\n","protected":false},"author":1,"featured_media":0,"parent":0,"menu_order":0,"comment_status":"closed","ping_status":"closed","template":"","meta":{"footnotes":"[{\"content\":\"Biblioth\u00e8que interuniversitaire de sant\u00e9 Paris Descartes, contraintes budg\u00e9taires et d\u00e9sabonnements<a href=\\\"http:\/\/www2.biusante.parisdescartes.fr\/wordpress\/index.php\/contraintes-budgetaires-desabonnements-2014\/\\\">www2.biusante.parisdescartes.fr\/wordpress\/index.php\/contraintes-budgetaires-desabonnements-2014<\/a> \",\"id\":\"800bba51-827b-4ded-b505-79c13e9a3ccc\"},{\"content\":\"Avec des tarifs qui ne cessent d\u2019augmenter \u2013 6 \u00e0 8\u00a0% chaque ann\u00e9e (<a href=\\\"http:\/\/www.cairn.info\/revue-bulletin-de-psychologie-2011-1-page-61.htm\\\">www.cairn.info\/revue-bulletin-de-psychologie-2011-1-page-61.htm<\/a>) \u2013, de grands groupes priv\u00e9s r\u00e9alisent des marges consid\u00e9rables (30% \u00e0 40% de b\u00e9n\u00e9fice) (<a href=\\\"http:\/\/rue89.nouvelobs.com\/2014\/11\/10\/france-prefere-payer-deux-fois-les-articles-chercheurs-255964\\\">http:\/\/rue89.nouvelobs.com\/2014\/11\/10\/france-prefere-payer-deux-fois-les-articles-chercheurs-255964<\/a>).\",\"id\":\"b56d2fa3-6bd5-4328-bc74-768435014564\"},{\"content\":\"Comme le r\u00e9sume Robert Darnton, directeur de la biblioth\u00e8que d\u2019Harvard\u00a0: \u00ab\u00a0Nous faisons les recherches, \u00e9crivons les articles, \u0153uvrons au r\u00e9f\u00e9rencement des articles par d\u2019autres chercheurs, le tout gratuitement\u2026 Et ensuite nous rachetons le r\u00e9sultat de notre travail \u00e0 des prix scandaleux.\u00a0\u00bb\u00a0<a href=\\\"http:\/\/www.theguardian.com\/science\/2012\/apr\/24\/harvard-university-journal-publishers-prices\\\">www.theguardian.com\/science\/2012\/apr\/24\/harvard-university-journal-publishers-prices<\/a>.<br>Cette petite video r\u00e9sume bien la situation :\u00a0<strong><a href=\\\"https:\/\/www.youtube.com\/watch?v=WnxqoP-c0ZE\\\" target=\\\"_blank\\\" rel=\\\"noreferrer noopener\\\">Priv\u00e9s de savoir ?<\/a><\/strong> \",\"id\":\"062d9ead-1a10-4754-9f1a-c1ff3edc897e\"},{\"content\":\"<a href=\\\"http:\/\/www.francophonie.org\/Denombrement-des-francophones.html\\\">http:\/\/www.francophonie.org\/Denombrement-des-francophones.html<\/a>\",\"id\":\"81a16a0f-ce07-4775-bfc0-bd616ea50fd8\"},{\"content\":\"Nos b\u00e9n\u00e9fices sont r\u00e9investis dans la revue. Par exemple, d\u00e8s cette ann\u00e9e, les revenus tir\u00e9s des abonnements num\u00e9riques seront utilis\u00e9s pour financer la traduction en anglais de textes publi\u00e9s dans l\u2019\u00e9dition papier. Nous esp\u00e9rons financer la traduction d\u2019une dizaine de textes qui seront mis en ligne sur CAIRN International. \",\"id\":\"3253cadd-7216-4734-a7e0-25ad4685a617\"}]"},"class_list":["post-215","page","type-page","status-publish","hentry"],"_links":{"self":[{"href":"https:\/\/site.bulletindepsychologie.net\/index.php\/wp-json\/wp\/v2\/pages\/215","targetHints":{"allow":["GET"]}}],"collection":[{"href":"https:\/\/site.bulletindepsychologie.net\/index.php\/wp-json\/wp\/v2\/pages"}],"about":[{"href":"https:\/\/site.bulletindepsychologie.net\/index.php\/wp-json\/wp\/v2\/types\/page"}],"author":[{"embeddable":true,"href":"https:\/\/site.bulletindepsychologie.net\/index.php\/wp-json\/wp\/v2\/users\/1"}],"replies":[{"embeddable":true,"href":"https:\/\/site.bulletindepsychologie.net\/index.php\/wp-json\/wp\/v2\/comments?post=215"}],"version-history":[{"count":11,"href":"https:\/\/site.bulletindepsychologie.net\/index.php\/wp-json\/wp\/v2\/pages\/215\/revisions"}],"predecessor-version":[{"id":986,"href":"https:\/\/site.bulletindepsychologie.net\/index.php\/wp-json\/wp\/v2\/pages\/215\/revisions\/986"}],"wp:attachment":[{"href":"https:\/\/site.bulletindepsychologie.net\/index.php\/wp-json\/wp\/v2\/media?parent=215"}],"curies":[{"name":"wp","href":"https:\/\/api.w.org\/{rel}","templated":true}]}}