{"id":52,"date":"2024-10-21T06:51:25","date_gmt":"2024-10-21T04:51:25","guid":{"rendered":"https:\/\/site.bulletindepsychologie.net\/?page_id=52"},"modified":"2024-10-26T22:08:11","modified_gmt":"2024-10-26T20:08:11","slug":"mentions-legales","status":"publish","type":"page","link":"https:\/\/site.bulletindepsychologie.net\/index.php\/mentions-legales\/","title":{"rendered":"Mentions l\u00e9gales"},"content":{"rendered":"\n<div class=\"wp-block-group alignfull is-layout-constrained wp-block-group-is-layout-constrained\">\n<div class=\"wp-block-group alignwide is-content-justification-space-between is-nowrap is-layout-flex wp-container-core-group-is-layout-5924e470 wp-block-group-is-layout-flex\" style=\"min-height:120px\">\n<figure class=\"wp-block-image size-full is-resized\"><img loading=\"lazy\" decoding=\"async\" width=\"403\" height=\"166\" src=\"https:\/\/site.bulletindepsychologie.net\/wp-content\/uploads\/2024\/10\/BP.png\" alt=\"\" class=\"wp-image-17\" style=\"width:219px;height:auto\" srcset=\"https:\/\/site.bulletindepsychologie.net\/wp-content\/uploads\/2024\/10\/BP.png 403w, https:\/\/site.bulletindepsychologie.net\/wp-content\/uploads\/2024\/10\/BP-300x124.png 300w\" sizes=\"auto, (max-width: 403px) 100vw, 403px\" \/><\/figure>\n\n\n<nav class=\"has-medium-font-size is-responsive items-justified-right wp-block-navigation is-content-justification-right is-layout-flex wp-container-core-navigation-is-layout-f665d2b5 wp-block-navigation-is-layout-flex\" aria-label=\"Navigation 2\" \n\t\t data-wp-interactive=\"core\/navigation\" data-wp-context='{\"overlayOpenedBy\":{\"click\":false,\"hover\":false,\"focus\":false},\"type\":\"overlay\",\"roleAttribute\":\"\",\"ariaLabel\":\"Menu\"}'><button aria-haspopup=\"dialog\" aria-label=\"Ouvrir le menu\" class=\"wp-block-navigation__responsive-container-open\" \n\t\t\t\tdata-wp-on--click=\"actions.openMenuOnClick\"\n\t\t\t\tdata-wp-on--keydown=\"actions.handleMenuKeydown\"\n\t\t\t><svg width=\"24\" height=\"24\" xmlns=\"http:\/\/www.w3.org\/2000\/svg\" viewBox=\"0 0 24 24\" aria-hidden=\"true\" focusable=\"false\"><path d=\"M4 7.5h16v1.5H4z\"><\/path><path d=\"M4 15h16v1.5H4z\"><\/path><\/svg><\/button>\n\t\t\t\t<div class=\"wp-block-navigation__responsive-container\"  id=\"modal-1\" \n\t\t\t\tdata-wp-class--has-modal-open=\"state.isMenuOpen\"\n\t\t\t\tdata-wp-class--is-menu-open=\"state.isMenuOpen\"\n\t\t\t\tdata-wp-watch=\"callbacks.initMenu\"\n\t\t\t\tdata-wp-on--keydown=\"actions.handleMenuKeydown\"\n\t\t\t\tdata-wp-on--focusout=\"actions.handleMenuFocusout\"\n\t\t\t\ttabindex=\"-1\"\n\t\t\t>\n\t\t\t\t\t<div class=\"wp-block-navigation__responsive-close\" tabindex=\"-1\">\n\t\t\t\t\t\t<div class=\"wp-block-navigation__responsive-dialog\" \n\t\t\t\tdata-wp-bind--aria-modal=\"state.ariaModal\"\n\t\t\t\tdata-wp-bind--aria-label=\"state.ariaLabel\"\n\t\t\t\tdata-wp-bind--role=\"state.roleAttribute\"\n\t\t\t>\n\t\t\t\t\t\t\t<button aria-label=\"Fermer le menu\" class=\"wp-block-navigation__responsive-container-close\" \n\t\t\t\tdata-wp-on--click=\"actions.closeMenuOnClick\"\n\t\t\t><svg xmlns=\"http:\/\/www.w3.org\/2000\/svg\" viewBox=\"0 0 24 24\" width=\"24\" height=\"24\" aria-hidden=\"true\" focusable=\"false\"><path d=\"m13.06 12 6.47-6.47-1.06-1.06L12 10.94 5.53 4.47 4.47 5.53 10.94 12l-6.47 6.47 1.06 1.06L12 13.06l6.47 6.47 1.06-1.06L13.06 12Z\"><\/path><\/svg><\/button>\n\t\t\t\t\t\t\t<div class=\"wp-block-navigation__responsive-container-content\" \n\t\t\t\tdata-wp-watch=\"callbacks.focusFirstElement\"\n\t\t\t id=\"modal-1-content\">\n\t\t\t\t\t\t\t\t<ul class=\"wp-block-navigation__container has-medium-font-size is-responsive items-justified-right wp-block-navigation has-medium-font-size\"><li class=\"has-medium-font-size wp-block-navigation-item wp-block-navigation-link has-medium-font-size has-source-serif-pro-font-family\"><a class=\"wp-block-navigation-item__content\"  href=\"https:\/\/www.bulletindepsychologie.net\/\"><span class=\"wp-block-navigation-item__label\">Accueil<\/span><\/a><\/li><li class=\"has-medium-font-size wp-block-navigation-item wp-block-navigation-link has-medium-font-size has-source-serif-pro-font-family\"><a class=\"wp-block-navigation-item__content\"  href=\"https:\/\/site.bulletindepsychologie.net\/index.php\/presentation\/\"><span class=\"wp-block-navigation-item__label\">Pr\u00e9sentation<\/span><\/a><\/li><li class=\"has-medium-font-size wp-block-navigation-item wp-block-navigation-link has-medium-font-size has-source-serif-pro-font-family\"><a class=\"wp-block-navigation-item__content\"  href=\"https:\/\/site.bulletindepsychologie.net\/index.php\/comite-de-redaction-et-experts\/\"><span class=\"wp-block-navigation-item__label\">Comit\u00e9 de r\u00e9daction et\u00a0experts<\/span><\/a><\/li><li class=\"has-medium-font-size wp-block-navigation-item wp-block-navigation-link has-medium-font-size has-source-serif-pro-font-family\"><a class=\"wp-block-navigation-item__content\"  href=\"https:\/\/site.bulletindepsychologie.net\/index.php\/consignes\/\"><span class=\"wp-block-navigation-item__label\">Consignes<\/span><\/a><\/li><li class=\"has-medium-font-size wp-block-navigation-item wp-block-navigation-link has-medium-font-size\"><a class=\"wp-block-navigation-item__content\"  href=\"https:\/\/site.bulletindepsychologie.net\/index.php\/appel-a-don\/\"><span class=\"wp-block-navigation-item__label\">Appel \u00e0 don<\/span><\/a><\/li><li data-wp-context=\"{ &quot;submenuOpenedBy&quot;: { &quot;click&quot;: false, &quot;hover&quot;: false, &quot;focus&quot;: false }, &quot;type&quot;: &quot;submenu&quot;, &quot;modal&quot;: null, &quot;previousFocus&quot;: null }\" data-wp-interactive=\"core\/navigation\" data-wp-on--focusout=\"actions.handleMenuFocusout\" data-wp-on--keydown=\"actions.handleMenuKeydown\" data-wp-on--mouseenter=\"actions.openMenuOnHover\" data-wp-on--mouseleave=\"actions.closeMenuOnHover\" data-wp-watch=\"callbacks.initMenu\" tabindex=\"-1\" class=\"wp-block-navigation-item has-medium-font-size has-child open-on-hover-click wp-block-navigation-submenu\"><a class=\"wp-block-navigation-item__content\" href=\"https:\/\/site.bulletindepsychologie.net\/index.php\/cours\/\"><span class=\"wp-block-navigation-item__label\">Articles et cours<\/span><\/a><button data-wp-bind--aria-expanded=\"state.isMenuOpen\" data-wp-on--click=\"actions.toggleMenuOnClick\" aria-label=\"Sous-menu Articles et cours\" class=\"wp-block-navigation__submenu-icon wp-block-navigation-submenu__toggle\" ><svg xmlns=\"http:\/\/www.w3.org\/2000\/svg\" width=\"12\" height=\"12\" viewBox=\"0 0 12 12\" fill=\"none\" aria-hidden=\"true\" focusable=\"false\"><path d=\"M1.50002 4L6.00002 8L10.5 4\" stroke-width=\"1.5\"><\/path><\/svg><\/button><ul data-wp-on--focus=\"actions.openMenuOnFocus\" class=\"wp-block-navigation__submenu-container wp-block-navigation-submenu\"><li class=\"has-medium-font-size wp-block-navigation-item wp-block-navigation-link\"><a class=\"wp-block-navigation-item__content\"  href=\"https:\/\/site.bulletindepsychologie.net\/index.php\/cours\/\"><span class=\"wp-block-navigation-item__label\">Liste des cours publi\u00e9s de 1952 \u00e0 1970<\/span><\/a><\/li><li class=\"has-medium-font-size wp-block-navigation-item wp-block-navigation-link\"><a class=\"wp-block-navigation-item__content\"  href=\"https:\/\/site.bulletindepsychologie.net\/index.php\/articles\/\"><span class=\"wp-block-navigation-item__label\">Liste des articles publi\u00e9s de 1952 \u00e0 2019<\/span><\/a><\/li><\/ul><\/li><li class=\"has-medium-font-size wp-block-navigation-item wp-block-navigation-link has-medium-font-size has-source-serif-pro-font-family\"><a class=\"wp-block-navigation-item__content\"  href=\"https:\/\/site.bulletindepsychologie.net\/index.php\/abonnements-et-numeros\/\"><span class=\"wp-block-navigation-item__label\">Abonnements et num\u00e9ros<\/span><\/a><\/li><\/ul>\n\t\t\t\t\t\t\t<\/div>\n\t\t\t\t\t\t<\/div>\n\t\t\t\t\t<\/div>\n\t\t\t\t<\/div><\/nav><\/div>\n<\/div>\n\n\n\n<hr class=\"wp-block-separator has-alpha-channel-opacity is-style-wide\"\/>\n\n\n\n<h3 class=\"wp-block-heading\" style=\"font-size:40px\">Mentions l\u00e9gales<\/h3>\n\n\n\n<p style=\"font-size:18px\"><strong>Directeur de publication<\/strong><br>St\u00e9phane LAURENS<\/p>\n\n\n\n<p class=\"has-source-serif-pro-font-family\" style=\"font-size:18px\"><strong>H\u00e9bergeur<\/strong><br>SAS OVH \u2013 https:\/\/www.ovh.com<br>2 rue Kellermann BP 80157 59100 Roubaix<\/p>\n\n\n\n<p class=\"has-source-serif-pro-font-family\" style=\"font-size:18px\"><strong>Donn\u00e9es personnelles et droits des internautes<\/strong><\/p>\n\n\n\n<p class=\"has-source-serif-pro-font-family has-small-font-size\">Les informations recueillies aupr\u00e8s des personnes peuvent faire l\u2019objet d\u2019une cession \u00e0 des partenaires de CFI. Dans ce cas, les internautes en sont pr\u00e9alablement inform\u00e9s et sont libres de s\u2019y opposer Droit des internautes : modification, rectification, suppression Conform\u00e9ment \u00e0 la loi informatique et libert\u00e9s n\u00b0 78-17 du 6 janvier 1978, vous pouvez \u00e0 tout moment acc\u00e9der aux informations personnelles vous concernant et d\u00e9tenues par\u00a0<a href=\"http:\/\/www.bulletindepsychologie.net\/\">www.bulletindepsychologie.net<\/a>, demander leur modification ou leur suppression. Ainsi, vous pouvez demander que soient rectifi\u00e9es, compl\u00e9t\u00e9es, clarifi\u00e9es, mises \u00e0 jour ou effac\u00e9es les informations vous concernant qui sont inexactes, incompl\u00e8tes, \u00e9quivoques, p\u00e9rim\u00e9es ou dont la collecte ou l\u2019utilisation, la communication ou la conservation est interdite en nous contactant.<\/p>\n\n\n\n<p class=\"has-source-serif-pro-font-family\" style=\"font-size:18px\"><strong>Droits d\u2019auteurs, droits de production<\/strong><\/p>\n\n\n\n<p class=\"has-source-serif-pro-font-family has-small-font-size\">Le site de\u00a0<a href=\"http:\/\/www.bulletindepsychologie.net\/\">www.bulletindepsychologie.net\u00a0<\/a>rel\u00e8ve de la l\u00e9gislation fran\u00e7aise et internationale sur le droit d\u2019auteur et la propri\u00e9t\u00e9 intellectuelle. Tous les droits de reproduction y sont r\u00e9serv\u00e9s, y compris les repr\u00e9sentations iconographiques et photographiques. La pr\u00e9sentation g\u00e9n\u00e9rale du site est originale et \u00e9galement prot\u00e9g\u00e9e. Vous n\u2019\u00eates donc pas autoris\u00e9 \u00e0 reproduire le code html des pages de ce serveur dans le but de diffusion publique. La reproduction de tout ou partie de ce site sur un support quel qu\u2019il soit, est formellement interdite sauf autorisation expresse du directeur de la publication.<\/p>\n\n\n\n<p class=\"has-source-serif-pro-font-family\" style=\"font-size:18px\"><strong>Utilisation des donn\u00e9es collect\u00e9es sur le site<\/strong><\/p>\n\n\n\n<p class=\"has-source-serif-pro-font-family has-small-font-size\">Les donn\u00e9es collect\u00e9es servent seulement \u00e0 traiter votre commande. Aucun cookie de tracage ou d&rsquo;analyse ou de statistiques n&rsquo;est actif sur le site. Vous pouvez \u00e0 tout moment demander l&rsquo;acc\u00e9s ou la suppression de celles-ci.<br><a href=\"http:\/\/www.bulletindepsychologie.net\/\">www.bulletindepsychologie.net<\/a>\u00a0s\u2019engage \u00e0 ne pas utiliser vos donn\u00e9es \u00e0 caract\u00e8re personnel \u00e0 des fins de prospection commerciale.<br>Vos donn\u00e9es ne sont en aucun cas utilis\u00e9es \u00e0 d\u2019autres fins ni utilis\u00e9es par des tiers.<\/p>\n\n\n\n<hr class=\"wp-block-separator has-alpha-channel-opacity is-style-wide\"\/>\n\n\n\n<p class=\"has-text-align-center has-link-color has-source-serif-pro-font-family has-medium-font-size wp-elements-b8ab2495dc85b78e487a7f4ec61cebc9\">Bulletin de psychologie, 17 rue de la Sorbonne, 75230 Paris cedex 05, France.<br>ISSN : 0007-4403 \u2014\u00a0<a href=\"mailto:bulletin@bulletindepsychologie.net\">bulletin@bulletindepsychologie.net<\/a><br><a href=\"https:\/\/site.bulletindepsychologie.net\/index.php\/mentions-legales\/\" data-type=\"page\" data-id=\"5\" target=\"_blank\" rel=\"noreferrer noopener\">Mentions l\u00e9gales<\/a><\/p>\n\n\n\n<p><\/p>\n","protected":false},"excerpt":{"rendered":"<p>Mentions l\u00e9gales Directeur de publicationSt\u00e9phane LAURENS H\u00e9bergeurSAS OVH \u2013 https:\/\/www.ovh.com2 rue Kellermann BP 80157 59100 Roubaix Donn\u00e9es personnelles et droits des internautes Les informations recueillies aupr\u00e8s des personnes peuvent faire l\u2019objet d\u2019une cession \u00e0 des partenaires de CFI. Dans ce cas, les internautes en sont pr\u00e9alablement inform\u00e9s et sont libres de s\u2019y opposer Droit des [&hellip;]<\/p>\n","protected":false},"author":1,"featured_media":0,"parent":0,"menu_order":0,"comment_status":"closed","ping_status":"closed","template":"blank","meta":{"footnotes":""},"class_list":["post-52","page","type-page","status-publish","hentry"],"_links":{"self":[{"href":"https:\/\/site.bulletindepsychologie.net\/index.php\/wp-json\/wp\/v2\/pages\/52","targetHints":{"allow":["GET"]}}],"collection":[{"href":"https:\/\/site.bulletindepsychologie.net\/index.php\/wp-json\/wp\/v2\/pages"}],"about":[{"href":"https:\/\/site.bulletindepsychologie.net\/index.php\/wp-json\/wp\/v2\/types\/page"}],"author":[{"embeddable":true,"href":"https:\/\/site.bulletindepsychologie.net\/index.php\/wp-json\/wp\/v2\/users\/1"}],"replies":[{"embeddable":true,"href":"https:\/\/site.bulletindepsychologie.net\/index.php\/wp-json\/wp\/v2\/comments?post=52"}],"version-history":[{"count":7,"href":"https:\/\/site.bulletindepsychologie.net\/index.php\/wp-json\/wp\/v2\/pages\/52\/revisions"}],"predecessor-version":[{"id":294,"href":"https:\/\/site.bulletindepsychologie.net\/index.php\/wp-json\/wp\/v2\/pages\/52\/revisions\/294"}],"wp:attachment":[{"href":"https:\/\/site.bulletindepsychologie.net\/index.php\/wp-json\/wp\/v2\/media?parent=52"}],"curies":[{"name":"wp","href":"https:\/\/api.w.org\/{rel}","templated":true}]}}