{"id":64,"date":"2024-10-21T07:10:52","date_gmt":"2024-10-21T05:10:52","guid":{"rendered":"https:\/\/site.bulletindepsychologie.net\/?page_id=64"},"modified":"2025-09-25T07:50:37","modified_gmt":"2025-09-25T05:50:37","slug":"consignes","status":"publish","type":"page","link":"https:\/\/site.bulletindepsychologie.net\/index.php\/consignes\/","title":{"rendered":"Consignes"},"content":{"rendered":"\n<p style=\"font-size:40px\">Consignes aux auteurs et coordinateurs<\/p>\n\n\n\n<div class=\"wp-block-ideabox-toc ib-block-toc\" data-anchors='h2,h3,h4,h5,h6' data-collapsable='true' ><div class=\"ib-toc-container ib-toc-list-style-numbers ib-toc-hierarchical ib-toc-expanded\"><div class=\"ib-toc-header\" style=\"font-size:17px\"><div class=\"ib-toc-header-title\"><strong>Table des mati\u00e8res<\/strong><\/div><div class=\"ib-toc-header-right\"><span class=\"ib-toc-icon-collapse\"><span class=\"dashicon dashicons dashicons-minus\"><\/span><\/span><span class=\"ib-toc-icon-expand\"><span class=\"dashicon dashicons dashicons-plus\"><\/span><\/span><\/div><\/div><div class=\"ib-toc-separator\" style=\"height:2px\"><\/div><div class=\"ib-toc-body\" style=\"--linkColor:#0015ff;font-size:16px\"><ol class=\"ib-toc-anchors\"><\/ol><\/div><\/div><\/div>\n\n\n\n<hr class=\"wp-block-separator has-alpha-channel-opacity is-style-wide\"\/>\n\n\n\n<h3 class=\"wp-block-heading\" style=\"font-size:18px\"><strong>Recommandations aux auteurs<\/strong><\/h3>\n\n\n\n<p class=\"has-link-color has-small-font-size wp-elements-543470a1c8fa141ca2e6f69b85679874\">Les textes soumis \u00e0 publication doivent \u00eatre originaux et ne pas \u00eatre propos\u00e9s \u00e0 d\u2019autres revues simultan\u00e9ment. Nous appelons l\u2019attention des auteurs sur le fait que le <em>bulletin de psychologie<\/em> demande de lui r\u00e9server l\u2019exclusivit\u00e9 de l\u2019article.\u00a0<br><br>Lorsqu\u2019un auteur int\u00e8gre \u00e0 son texte des documents, ou parties de documents, ayant d\u00e9j\u00e0 \u00e9t\u00e9 publi\u00e9s, en fran\u00e7ais ou dans une langue \u00e9trang\u00e8re, l\u2019autorisation \u00e9crite de l\u2019\u00e9diteur et de l\u2019auteur cit\u00e9 doivent accompagner le manuscrit.<br><br>Les opinions exprim\u00e9es dans les articles ou reproduites dans les analyses n\u2019engagent que leurs auteurs ; les manuscrits non ins\u00e9r\u00e9s ne sont pas rendus. La reproduction, m\u00eame partielle, sous toute forme, est interdite sans autorisation.<br><br>Le fichier num\u00e9ris\u00e9 de l\u2019article doit \u00eatre envoy\u00e9 par courriel (<a href=\"mailto:bulletin@bulletindepsychologie.net\">bulletin@bulletindepsychologie.net<\/a>) accompagn\u00e9 de la Lettre de transfert de droit de copie et du Formulaire pour la correspondance (remplis et sign\u00e9s).<br><br>T\u00e9l\u00e9chargez le fichier\u00a0\u00ab\u00a0auteurs\u00a0\u00bb\u00a0(ci-dessous) o\u00f9 sont pr\u00e9sent\u00e9es les\u00a0<strong>recommandations aux auteurs<\/strong>\u00a0ainsi qu&rsquo;une\u00a0<strong>lettre de transfert de droit de copie<\/strong>\u00a0et un formulaire pour la\u00a0<strong>correspondance<\/strong>\u00a0que vous devrez compl\u00e8ter et signer.<\/p>\n\n\n\n<div class=\"wp-block-file aligncenter has-pale-cyan-blue-background-color has-background has-link-color wp-elements-aad484921614cc157feeea51d7fbc38a\"><a id=\"wp-block-file--media-8bb4efd8-9f87-4617-8106-0bd6382abac6\" href=\"https:\/\/site.bulletindepsychologie.net\/wp-content\/uploads\/2024\/10\/auteurs.doc\">auteurs<\/a><a href=\"https:\/\/site.bulletindepsychologie.net\/wp-content\/uploads\/2024\/10\/auteurs.doc\" class=\"wp-block-file__button wp-element-button\" download aria-describedby=\"wp-block-file--media-8bb4efd8-9f87-4617-8106-0bd6382abac6\">T\u00e9l\u00e9charger<\/a><\/div>\n\n\n\n<hr class=\"wp-block-separator has-alpha-channel-opacity is-style-wide\"\/>\n\n\n\n<h3 class=\"wp-block-heading\" id=\"recommandations-aux-coordinateurs\" style=\"font-size:18px\"><strong>Recommandations aux coordinateurs<\/strong><\/h3>\n\n\n\n<p class=\"has-small-font-size\">\u2013 Le\u00a0<strong>volume<\/strong>\u00a0de l\u2019ensemble des articles ne doit pas exc\u00e9der 60 pages du Bulletin de psychologie, soit, environ, 300 000 signes de texte (espaces pris en compte). Les tableaux, figures et sch\u00e9mas doivent faire l\u2019objet d\u2019une per\u00e9quation pour s\u2019inscrire dans le volume global ;<br><br>\u2013 les\u00a0<strong>expertises<\/strong>\u00a0seront faites par des sp\u00e9cialistes autres que les auteurs des articles r\u00e9unis. Une liste d&rsquo;experts possibles doit nous \u00eatre communiqu\u00e9e avec les articles par le coordinateur ;<br><br>\u2013 conformit\u00e9 aux\u00a0<strong>normes<\/strong>\u00a0de pr\u00e9sentation, y compris bibliographiques (les normes bibliographiques de notre revue ne sont pas celles de l\u2019American psychological association) ;<br><br>\u2013 chaque auteur premier signataire re\u00e7oit gracieusement un fascicule du num\u00e9ro. Il peut, \u00e9galement, commander le nombre d\u2019exemplaires qu\u2019il souhaite, avec une r\u00e9duction de 50\u00a0%, \u00e0 condition que la commande nous parvienne, accompagn\u00e9e de son paiement, avant le tirage chez l\u2019imprimeur (soit dans le mois qui pr\u00e9c\u00e8de la date de parution pr\u00e9vue). Ceci nous permet d\u2019ajuster le tirage et apporte une contribution financi\u00e8re utile \u00e0 la fabrication. D\u2019un autre c\u00f4t\u00e9, nous souhaitons que le coordinateur nous transmette une liste de services de documentation, biblioth\u00e8ques, laboratoires de recherche, chercheurs et autres, susceptibles d\u2019\u00eatre int\u00e9ress\u00e9s par l\u2019<strong>acquisition du num\u00e9ro<\/strong>\u00a0ou par un\u00a0<strong>abonnement<\/strong>\u00a0;<br><br>\u2013 l\u2019inscription dans le programme de publication se fait d\u00e8s lors que la totalit\u00e9 des articles a \u00e9t\u00e9 d\u00e9finitivement accept\u00e9e par le <em>bulletin de psychologie<\/em>. Actuellement, le\u00a0d\u00e9lai\u00a0entre l\u2019acceptation d\u00e9finitive et la publication est de dix \u00e0 douze mois. La r\u00e9daction se r\u00e9serve le droit d\u2019apporter toute modification de forme aux textes qui lui sont soumis.<\/p>\n\n\n\n<hr class=\"wp-block-separator has-alpha-channel-opacity is-style-wide\"\/>\n\n\n\n<h3 class=\"wp-block-heading\" id=\"publication-des-resumes-de-these-en-francais-et-en-anglais\" style=\"font-size:18px\"><strong>Publication des r\u00e9sum\u00e9s de th\u00e8se en fran\u00e7ais et en anglais<\/strong><\/h3>\n\n\n\n<p class=\"has-link-color has-small-font-size wp-elements-53d0dfd5e539b19cff04a020fb53a603\">Afin de promouvoir les recherches r\u00e9alis\u00e9es dans l\u2019espace francophone, l\u2019Assembl\u00e9e g\u00e9n\u00e9rale du Groupe d\u2019\u00e9tudes de psychologie a d\u00e9cid\u00e9 de proposer aux nouveaux docteurs en psychologie de publier un long r\u00e9sum\u00e9 de leur th\u00e8se (entre 2 000 et 2 600 mots pour une th\u00e8se et entre 3 000 et 5 000 mots pour une HDR). Le r\u00e9sum\u00e9 en fran\u00e7ais sera publi\u00e9 dans l\u2019\u00e9dition papier du <em>bulletin de psychologie<\/em> et sera mis en ligne sur cairn (<a href=\"https:\/\/www.cairn.info\">https:\/\/www.cairn.info<\/a>) ; le r\u00e9sum\u00e9 en anglais sera mis en ligne sur cairn international (<a href=\"https:\/\/www.cairn-int.info\">https:\/\/www.cairn-int.info<\/a>). L\u2019ensemble des frais (mise en page, mise en ligne, traduction en anglais\u2026) sera int\u00e9gralement pris en charge par le <em>bulletin de psychologie<\/em>.<br>Les th\u00e8ses t\u00e9moignant de la dynamique de la recherche, la publication de longs r\u00e9sum\u00e9s en fran\u00e7ais et en anglais, dans l\u2019\u00e9dition papier et en ligne, assurera la visibilit\u00e9 de ces travaux.<br>Le <em>bulletin de psychologie<\/em> est aujourd\u2019hui la derni\u00e8re revue g\u00e9n\u00e9raliste de psychologie en langue fran\u00e7aise, ind\u00e9pendante de tout \u00e9diteur commercial. Sa mission, favoriser la diffusion des connaissances de psychologie en langue fran\u00e7aise, b\u00e9n\u00e9ficie de l\u2019ensemble des revenus des abonnements et des dons que re\u00e7oit le <em>bulletin de psychologie<\/em>.<\/p>\n\n\n\n<p class=\"has-link-color has-small-font-size wp-elements-4c7efc93fa89fde49d91cff5ae571750\"><strong>Conditions de d\u00e9p\u00f4t des r\u00e9sum\u00e9s :<\/strong>&nbsp;Le r\u00e9sum\u00e9 de th\u00e8se doit \u00eatre soumis apr\u00e8s la soutenance et le d\u00e9p\u00f4t de la th\u00e8se, au plus tard deux ans apr\u00e8s ce dernier. Le fichier \u00ab&nbsp;Format R\u00e9sum\u00e9 de Th\u00e8se HDR&nbsp;\u00bb (ci-dessous)&nbsp;doit \u00eatre renseign\u00e9 et envoy\u00e9 \u00e0 la r\u00e9daction de la revue par courriel (<a href=\"mailto:bulletin@bulletindepsychologie.net\">bulletin@bulletindepsychologie.net<\/a>), accompagn\u00e9 d\u2019une copie du formulaire de d\u00e9p\u00f4t de la th\u00e8se qui doit comprendre la date et le lieu de soutenance ainsi que la composition du jury.<\/p>\n\n\n\n<p class=\"has-small-font-size\"><strong>Processus de publication :<\/strong>&nbsp;Le r\u00e9sum\u00e9 en fran\u00e7ais sera relu puis, apr\u00e8s d\u2019\u00e9ventuelles corrections, traduit en anglais.<\/p>\n\n\n\n<div class=\"wp-block-file aligncenter has-pale-cyan-blue-background-color has-background\"><a id=\"wp-block-file--media-87206614-10f2-4a31-88da-23bdff62f2f2\" href=\"https:\/\/site.bulletindepsychologie.net\/wp-content\/uploads\/2025\/06\/FormatResumeTheseHDR.docx\">FormatRe\u0301sume\u0301The\u0300seHDR<\/a><a href=\"https:\/\/site.bulletindepsychologie.net\/wp-content\/uploads\/2025\/06\/FormatResumeTheseHDR.docx\" class=\"wp-block-file__button wp-element-button\" download aria-describedby=\"wp-block-file--media-87206614-10f2-4a31-88da-23bdff62f2f2\">T\u00e9l\u00e9charger<\/a><\/div>\n\n\n\n<p><\/p>\n","protected":false},"excerpt":{"rendered":"<p>Consignes aux auteurs et coordinateurs Recommandations aux auteurs Les textes soumis \u00e0 publication doivent \u00eatre originaux et ne pas \u00eatre propos\u00e9s \u00e0 d\u2019autres revues simultan\u00e9ment. Nous appelons l\u2019attention des auteurs sur le fait que le bulletin de psychologie demande de lui r\u00e9server l\u2019exclusivit\u00e9 de l\u2019article.\u00a0 Lorsqu\u2019un auteur int\u00e8gre \u00e0 son texte des documents, ou parties [&hellip;]<\/p>\n","protected":false},"author":1,"featured_media":0,"parent":0,"menu_order":0,"comment_status":"closed","ping_status":"closed","template":"","meta":{"footnotes":""},"class_list":["post-64","page","type-page","status-publish","hentry"],"_links":{"self":[{"href":"https:\/\/site.bulletindepsychologie.net\/index.php\/wp-json\/wp\/v2\/pages\/64","targetHints":{"allow":["GET"]}}],"collection":[{"href":"https:\/\/site.bulletindepsychologie.net\/index.php\/wp-json\/wp\/v2\/pages"}],"about":[{"href":"https:\/\/site.bulletindepsychologie.net\/index.php\/wp-json\/wp\/v2\/types\/page"}],"author":[{"embeddable":true,"href":"https:\/\/site.bulletindepsychologie.net\/index.php\/wp-json\/wp\/v2\/users\/1"}],"replies":[{"embeddable":true,"href":"https:\/\/site.bulletindepsychologie.net\/index.php\/wp-json\/wp\/v2\/comments?post=64"}],"version-history":[{"count":24,"href":"https:\/\/site.bulletindepsychologie.net\/index.php\/wp-json\/wp\/v2\/pages\/64\/revisions"}],"predecessor-version":[{"id":540,"href":"https:\/\/site.bulletindepsychologie.net\/index.php\/wp-json\/wp\/v2\/pages\/64\/revisions\/540"}],"wp:attachment":[{"href":"https:\/\/site.bulletindepsychologie.net\/index.php\/wp-json\/wp\/v2\/media?parent=64"}],"curies":[{"name":"wp","href":"https:\/\/api.w.org\/{rel}","templated":true}]}}