{"id":77,"date":"2024-10-21T07:51:57","date_gmt":"2024-10-21T05:51:57","guid":{"rendered":"https:\/\/site.bulletindepsychologie.net\/?page_id=77"},"modified":"2025-09-25T08:01:53","modified_gmt":"2025-09-25T06:01:53","slug":"presentation","status":"publish","type":"page","link":"https:\/\/site.bulletindepsychologie.net\/index.php\/presentation\/","title":{"rendered":"Pr\u00e9sentation"},"content":{"rendered":"\n<div class=\"wp-block-columns is-layout-flex wp-container-core-columns-is-layout-28f84493 wp-block-columns-is-layout-flex\">\n<div class=\"wp-block-column is-layout-flow wp-block-column-is-layout-flow\">\n<h3 class=\"wp-block-heading\" style=\"font-size:40px\">Pr\u00e9sentation<\/h3>\n\n\n\n<p class=\"has-small-font-size\">Le\u00a0<em>bulletin de psychologie<\/em>\u00a0concourt \u00e0 la diffusion de la culture, de la langue et des connaissances scientifiques en langue fran\u00e7aise.<\/p>\n\n\n\n<h3 class=\"wp-block-heading\" style=\"font-size:18px\"><strong>Des contributions originales couvrant les divers domaines de la psychologie<\/strong><\/h3>\n\n\n\n<p class=\"has-small-font-size\">L\u2019ind\u00e9pendance \u00e9ditoriale du\u00a0<em>bulletin de psychologie<\/em>\u00a0et son esprit d\u2019ouverture favorisent la publication de travaux qui s\u2019inscrivent dans les courants les plus actuels de la recherche comme ceux qui, novateurs, se situent hors de ces mouvements.<\/p>\n\n\n\n<h3 class=\"wp-block-heading has-medium-font-size\"><strong>Un comit\u00e9 de r\u00e9daction, un comit\u00e9 de lecture et d\u2019expertise<\/strong><\/h3>\n\n\n\n<p class=\"has-small-font-size\">Comme toutes les revues scientifiques, le\u00a0<em>bulletin de psychologie<\/em>\u00a0soumet, pour \u00e9valuation, les manuscrits \u00e0 deux experts choisis parmi les chercheurs ou praticiens faisant autorit\u00e9 dans leur domaine. Cette proc\u00e9dure permet, \u00e0 la fois, de maintenir un haut niveau de qualit\u00e9 scientifique et de conseiller les auteurs.<\/p>\n\n\n\n<h3 class=\"wp-block-heading has-medium-font-size\"><strong>Une large diffusion internationale<\/strong><\/h3>\n\n\n\n<p class=\"has-small-font-size\">Dans plus de\u00a0<a href=\"https:\/\/www.bulletindepsychologie.net\/vente\/documents\/diffusion.gif\" target=\"_blank\" rel=\"noreferrer noopener\">quarante pays des cinq continents<\/a>, des biblioth\u00e8ques, des laboratoires de recherche, des \u00e9tablissements employant des psychologues, assurent la permanence et la diffusion du\u00a0<em>bulletin<\/em>.<\/p>\n\n\n\n<h3 class=\"wp-block-heading has-medium-font-size\"><strong>Politique de la revue<\/strong><\/h3>\n\n\n\n<p class=\"has-small-font-size\">Le\u00a0<em>bulletin de psychologie<\/em>\u00a0est une revue scientifique, \u00e0 comit\u00e9 de lecture. Sa diffusion est internationale. Elle s&rsquo;adresse aux professionnels, chercheurs et praticiens des diverses sp\u00e9cialit\u00e9s de la psychologie, et publie quatre num\u00e9ros par an. Les num\u00e9ros sont constitu\u00e9s d\u2019articles scientifiques, de r\u00e9sum\u00e9s de th\u00e8se, de recensions d\u2019ouvrages\u2026 et couvrent tous les domaines de la psychologie. Le\u00a0<em>bulletin de psychologie<\/em>\u00a0est \u00e9dit\u00e9 par le Groupe d\u2019\u00e9tudes de psychologie, association 1901, sis \u00e0 la Sorbonne depuis 1947. Le\u00a0<em>bulletin<\/em> est ind\u00e9pendant de tout \u00e9diteur commercial, il est son propre \u00e9diteur.<\/p>\n\n\n\n<h3 class=\"wp-block-heading has-medium-font-size\"><strong>Objectifs et champs&nbsp;<\/strong><\/h3>\n\n\n\n<p class=\"has-small-font-size\"><em>Le bulletin de psychologie<\/em>\u00a0favorise la publication de travaux en langue fran\u00e7aise qui s\u2019inscrivent dans les courants les plus actuels de la recherche comme ceux qui, novateurs, se situent hors de ces mouvements. Le\u00a0<em>bulletin<\/em>\u00a0n\u2019est pas une revue sp\u00e9cialis\u00e9e dans tel ou tel courant et donc, en plus des qualit\u00e9s requises par tout article scientifique, les textes publi\u00e9s dans le\u00a0<em>bulletin<\/em>\u00a0doivent aussi pouvoir \u00eatre lus par tous les sp\u00e9cialistes de la psychologie quelles que soient leurs orientations th\u00e9oriques ou m\u00e9thodologiques. Les textes que nous privil\u00e9gions sont ceux qui, ancr\u00e9s dans un courant identifi\u00e9 de la psychologie, s\u2019inscrivent dans les recherches actuelles.<\/p>\n\n\n\n<h3 class=\"wp-block-heading has-medium-font-size\"><strong>Ressources<\/strong><\/h3>\n\n\n\n<p class=\"has-small-font-size\">Les ressources principales du\u00a0le <em>bulletin<\/em>\u00a0sont les abonnements annuels, les revenus des bouquets propos\u00e9s par\u00a0<a href=\"https:\/\/www.cairn.info\/revue-bulletin-de-psychologie.htm\">Cairn<\/a>, la vente au num\u00e9ro et les redevances du Centre fran\u00e7ais d&rsquo;exploitation du droit de copie\u00a0<a href=\"https:\/\/www.cfcopies.com\/\">CFC\u00a0<\/a>. Son mod\u00e8le \u00e9conomique, traditionnel et majoritaire, est celui de l\u2019abonn\u00e9-payeur. La publication est gratuite pour les auteurs (les v\u00e9rifications des traductions en anglais des r\u00e9sum\u00e9s et des titres des articles sont prises en charge par le\u00a0<em>bulletin<\/em>\u00a0ainsi que les traductions int\u00e9grales de certains articles). Depuis 2014, le\u00a0<em>bulletin<\/em>\u00a0peut recevoir des dons au titre d\u2019<a href=\"https:\/\/fr.wikipedia.org\/wiki\/Association_d%27int%C3%A9r%C3%AAt_g%C3%A9n%C3%A9ral\">organisme d&rsquo;int\u00e9r\u00eat g\u00e9n\u00e9ral<\/a>\u00a0ayant un caract\u00e8re scientifique, social et culturel, car il concourt \u00e0 la diffusion de la culture, de la langue et des connaissances scientifiques en langue fran\u00e7aise. Les dons re\u00e7us permettent de proposer des abonnements gratuits \u00e0 des biblioth\u00e8ques ou centres de documentation n&rsquo;ayant pas les moyens de souscrire un abonnement papier ou num\u00e9rique.<\/p>\n\n\n\n<h3 class=\"wp-block-heading has-medium-font-size\"><strong>Proc\u00e9dure d&rsquo;expertise<\/strong><\/h3>\n\n\n\n<p class=\"has-small-font-size\">Chaque article propos\u00e9 fait l\u2019objet d\u2019une premi\u00e8re \u00e9valuation par les membres du comit\u00e9 de r\u00e9daction. Le texte est soit refus\u00e9 (20&nbsp;% sont refus\u00e9s car ils ne correspondent pas \u00e0 la ligne \u00e9ditoriale&nbsp;: ils peuvent \u00eatre trop sp\u00e9cialis\u00e9s, hors d\u2019un champ rep\u00e9rable en psychologie ou ne r\u00e9pondent pas aux standards d\u2019un article scientifique) soit confi\u00e9 \u00e0 un membre du comit\u00e9 \u00e9ditorial sp\u00e9cialis\u00e9 dans le domaine trait\u00e9. \u00c0 son tour, il \u00e9value l\u2019article, peut refuser sa publication, sinon il sollicite au moins deux experts ext\u00e9rieurs au comit\u00e9 \u00e9ditorial. Les expertises sont faites en double aveugle. Le taux d\u2019acceptation, calcul\u00e9 depuis 2015, est de 44&nbsp;%.<\/p>\n\n\n\n<h3 class=\"wp-block-heading has-medium-font-size\"><strong>Consultation et archivage<\/strong><\/h3>\n\n\n\n<p class=\"has-small-font-size\">Depuis 2005, les articles publi\u00e9s dans le\u00a0<em>bulletin de psychologie<\/em>\u00a0sont accessibles en ligne sur\u00a0<a href=\"https:\/\/www.cairn.info\/revue-bulletin-de-psychologie.htm\">Cairn<\/a>\u00a0et\u00a0<a href=\"https:\/\/www.cairn-int.info\/journal-bulletin-de-psychologie.htm\">Cairn international<\/a>\u00a0(acc\u00e8s payant pour les 5 derni\u00e8res ann\u00e9es) et sur\u00a0<a href=\"https:\/\/www.persee.fr\/collection\/bupsy\">Pers\u00e9e<\/a>\u00a0(acc\u00e8s libre, pour tous les num\u00e9ros de 1948 \u00e0 2004).<\/p>\n\n\n\n<h3 class=\"wp-block-heading has-medium-font-size\"><strong>\u00c9thique<\/strong><\/h3>\n\n\n\n<p class=\"has-small-font-size\">Les r\u00e8gles d&rsquo;\u00e9thique appliqu\u00e9es par le\u00a0<em>bulletin de psychologie<\/em>\u00a0sont celles prescrites par CAIRN (<a href=\"https:\/\/www.cairn.info\/charte-ethique.php\">charte-ethique<\/a>,\u00a0<a href=\"https:\/\/www.cairn-int.info\/code-of-ethics.php\">code-of-ethics<\/a>)<\/p>\n\n\n\n<h3 class=\"wp-block-heading has-medium-font-size\"><strong>Indexation<\/strong><\/h3>\n\n\n\n<p class=\"has-small-font-size\">Les articles publi\u00e9s sont index\u00e9s par l\u2019American Psychological Association&nbsp;<a href=\"http:\/\/www.apa.org\/\" target=\"_blank\" rel=\"noreferrer noopener\">APA<\/a>,&nbsp;<a href=\"https:\/\/www.apa.org\/pubs\/databases\/psycinfo\/\">PsycINFO<\/a><\/p>\n<\/div>\n\n\n\n<div class=\"wp-block-column is-layout-flow wp-block-column-is-layout-flow\">\n<h3 class=\"wp-block-heading\" style=\"padding-top:0;padding-right:0;padding-bottom:0;padding-left:0;font-size:40px\">About us&nbsp;<\/h3>\n\n\n\n<p class=\"has-small-font-size\">The\u00a0<em>bulletin de psychologie<\/em>\u00a0contributes to spreading French culture, language, and scientific knowledge. \u00a0\u00a0 \u00a0\u00a0\u00a0\u00a0\u00a0\u00a0\u00a0\u00a0\u00a0\u00a0\u00a0\u00a0\u00a0\u00a0\u00a0\u00a0\u00a0\u00a0\u00a0\u00a0\u00a0\u00a0\u00a0\u00a0\u00a0\u00a0\u00a0\u00a0\u00a0\u00a0\u00a0\u00a0\u00a0\u00a0\u00a0\u00a0\u00a0\u00a0 \u00a0\u00a0\u00a0\u00a0\u00a0\u00a0\u00a0\u00a0\u00a0\u00a0\u00a0\u00a0\u00a0\u00a0\u00a0\u00a0\u00a0\u00a0\u00a0\u00a0\u00a0\u00a0\u00a0\u00a0\u00a0\u00a0\u00a0\u00a0\u00a0\u00a0\u00a0\u00a0\u00a0\u00a0<\/p>\n\n\n\n<h3 class=\"wp-block-heading has-medium-font-size\"><strong>Original contributions covering the various domains of psychology&nbsp;<\/strong>&nbsp;<\/h3>\n\n\n\n<p class=\"has-small-font-size\">The editorial independence of the\u00a0<em>bulletin de psychologie<\/em>\u00a0and its spirit of openness encourage the publication of papers that align with the latest research trends, as well as innovative papers that do not fit into these approaches. \u00a0\u00a0\u00a0\u00a0\u00a0\u00a0\u00a0\u00a0\u00a0\u00a0\u00a0\u00a0\u00a0\u00a0\u00a0\u00a0\u00a0\u00a0\u00a0\u00a0\u00a0\u00a0\u00a0\u00a0\u00a0\u00a0\u00a0\u00a0\u00a0\u00a0\u00a0\u00a0\u00a0\u00a0\u00a0\u00a0\u00a0\u00a0\u00a0\u00a0\u00a0\u00a0\u00a0\u00a0<br><\/p>\n\n\n\n<h3 class=\"wp-block-heading has-medium-font-size\"><strong>An editorial board, a reading committee, and peer reviewers&nbsp;<\/strong><\/h3>\n\n\n\n<p class=\"has-small-font-size\">Like all academic journals, the\u00a0<em>bulletin de psychologie<\/em>\u00a0submits manuscripts for peer review by two leading researchers or practitioners in their domain. This procedure allows us to maintain a high level of scientific quality and to offer authors an opportunity to receive feedback. \u00a0\u00a0\u00a0\u00a0\u00a0\u00a0\u00a0\u00a0\u00a0\u00a0\u00a0\u00a0\u00a0\u00a0\u00a0<br>\u00a0\u00a0\u00a0\u00a0\u00a0\u00a0\u00a0<\/p>\n\n\n\n<h3 class=\"wp-block-heading has-medium-font-size\"><strong>A wide international readership<\/strong><\/h3>\n\n\n\n<p class=\"has-small-font-size\">Libraries, research units, and establishments employing psychologists in more than\u00a0<a href=\"https:\/\/www.bulletindepsychologie.net\/vente\/documents\/diffusion.gif\" target=\"_blank\" rel=\"noreferrer noopener\">forty countries on five continents<\/a>\u00a0ensure the longevity and wide distribution of the\u00a0<em>bulletin de psychologie<\/em>.<br>\u00a0<\/p>\n\n\n\n<h3 class=\"wp-block-heading has-medium-font-size\"><strong>Journal policy<\/strong><\/h3>\n\n\n\n<p class=\"has-small-font-size\">The\u00a0<em>bulletin de psychologie<\/em>\u00a0is a peer-reviewed scientific journal that is read around the world. It is aimed primarily at professionals, researchers, and practitioners from various specialties of psychology, and it publishes four issues per year. Its issues comprise scientific articles, thesis summaries, and book reviews, among other things, and they cover all areas of psychology. The\u00a0<em>bulletin de psychologie<\/em>\u00a0is published by the Groupe d\u2019\u00e9tudes de psychologie, a non-profit organization based at the Sorbonne since 1947. The\u00a0<em>bulletin<\/em>\u00a0is independent of any commercial publisher; it is its own publisher.<\/p>\n\n\n\n<h3 class=\"wp-block-heading has-medium-font-size\"><strong>Aims and scope&nbsp;<\/strong><\/h3>\n\n\n\n<p class=\"has-small-font-size\"><em>The bulletin de psychologie<\/em>\u00a0encourages the publication of French-language works that are in line with the latest research trends, as well as innovative works situated outside of these movements. The <em>bulletin<\/em> does not specialize in any particular strand of research; therefore, in addition to the qualities required of any scientific article, texts published in the\u00a0<em>bulletin<\/em>\u00a0must also be comprehensible to all specialists in psychology, no matter their theoretical or methodological orientation. We prioritize texts that are rooted in an identified current of psychology and are in line with current research trends.\u00a0<br>\u00a0\u00a0\u00a0\u00a0\u00a0\u00a0\u00a0 \u00a0\u00a0\u00a0\u00a0\u00a0\u00a0\u00a0<\/p>\n\n\n\n<h3 class=\"wp-block-heading has-medium-font-size\"><strong>Resources<\/strong>&nbsp;<\/h3>\n\n\n\n<p class=\"has-small-font-size\">The main resources of the\u00a0<em>bulletin<\/em>\u00a0come from yearly subscriptions, revenue from packages offered by\u00a0<a href=\"https:\/\/www.cairn.info\/revue-bulletin-de-psychologie.htm\">Cairn<\/a>, the sale of individual issues, and royalties from the Centre fran\u00e7ais d&rsquo;exploitation du droit de copie\u00a0<a href=\"https:\/\/www.cfcopies.com\/\">CFC\u00a0<\/a>. It uses a subscriber-pays business model, which is predominant in the industry. Publication is free of charge for authors (the checking of English translations of titles and abstracts is handled by the\u00a0<em>bulletin<\/em>, as is the translation of certain full-length articles). Since 2014, the\u00a0<em>bulletin<\/em>\u00a0is able to receive donations as a\u00a0<a href=\"https:\/\/fr.wikipedia.org\/wiki\/Association_d%27int%C3%A9r%C3%AAt_g%C3%A9n%C3%A9ral\">general interest organization of a scientific, social, and cultural nature<\/a>, as it contributes to the dissemination of culture, language, and scientific knowledge in the French language. The donations received by the\u00a0<em>bulletin<\/em>\u00a0enable it to offer free subscriptions to libraries or documentation centers that do not have the means to take out a print or digital subscription. \u00a0\u00a0\u00a0\u00a0\u00a0\u00a0\u00a0<br>\u00a0\u00a0\u00a0\u00a0\u00a0\u00a0\u00a0\u00a0\u00a0\u00a0\u00a0\u00a0\u00a0\u00a0\u00a0\u00a0\u00a0\u00a0\u00a0\u00a0\u00a0\u00a0\u00a0\u00a0\u00a0\u00a0\u00a0\u00a0\u00a0\u00a0\u00a0\u00a0\u00a0\u00a0\u00a0\u00a0\u00a0\u00a0\u00a0\u00a0\u00a0\u00a0\u00a0\u00a0\u00a0\u00a0\u00a0\u00a0\u00a0\u00a0\u00a0\u00a0\u00a0\u00a0\u00a0\u00a0\u00a0\u00a0\u00a0\u00a0\u00a0\u00a0<\/p>\n\n\n\n<h3 class=\"wp-block-heading has-medium-font-size\"><strong>Review procedure&nbsp;<\/strong><\/h3>\n\n\n\n<p class=\"has-small-font-size\">Every proposed article undergoes an initial assessment by the members of the editorial board. The text is either rejected (20% are rejected because they do not correspond to the editorial line: either because they are too specialized, exist outside of an identifiable field of psychology, or do not meet the standards of a scientific article) or placed in the hands of a member of the editorial board who specializes in the field concerned. They will then assess the article and either reject it for publication or send it to at least two external experts. Peer review is conducted on a double-blind basis. The acceptance rate since 2015 is 44%.&nbsp;&nbsp;&nbsp;&nbsp;     &nbsp;&nbsp;&nbsp;&nbsp;&nbsp;&nbsp;&nbsp;&nbsp;&nbsp;&nbsp;&nbsp;&nbsp;&nbsp;&nbsp;&nbsp;&nbsp;<\/p>\n\n\n\n<h3 class=\"wp-block-heading has-medium-font-size\"><strong>Consultation and archiving&nbsp;<\/strong><\/h3>\n\n\n\n<p class=\"has-small-font-size\">Since 2005, articles published in the\u00a0<em>bulletin de psychologie<\/em>\u00a0are available online on\u00a0<a href=\"https:\/\/www.cairn.info\/revue-bulletin-de-psychologie.htm\">Cairn<\/a>\u00a0ans\u00a0<a href=\"https:\/\/www.cairn-int.info\/journal-bulletin-de-psychologie.htm\">Cairn international<\/a>\u00a0(paid access for articles published in the last five years) and on\u00a0<a href=\"https:\/\/www.persee.fr\/collection\/bupsy\">Pers\u00e9e<\/a>\u00a0(free access, for all issues from 1948 to 2004).<\/p>\n\n\n\n<h3 class=\"wp-block-heading has-medium-font-size\"><strong>Ethics<\/strong>&nbsp;<\/h3>\n\n\n\n<p class=\"has-small-font-size\">The\u00a0<em>bulletin de psychologie<\/em>\u00a0follows the code of ethics prescribed by Cairn (<a href=\"https:\/\/www.cairn-int.info\/code-of-ethics.php\">code-of-ethics<\/a>). \u00a0\u00a0\u00a0\u00a0<br>\u00a0\u00a0\u00a0\u00a0\u00a0\u00a0\u00a0\u00a0\u00a0\u00a0\u00a0\u00a0\u00a0\u00a0\u00a0\u00a0\u00a0\u00a0\u00a0\u00a0\u00a0\u00a0\u00a0\u00a0\u00a0\u00a0\u00a0\u00a0\u00a0\u00a0\u00a0\u00a0\u00a0\u00a0\u00a0<\/p>\n\n\n\n<h3 class=\"wp-block-heading has-medium-font-size\"><strong>Indexing<\/strong>&nbsp;<\/h3>\n\n\n\n<p class=\"has-small-font-size\">Published papers are indexed by the American Psychological Association&nbsp;<a href=\"http:\/\/www.apa.org\/\" target=\"_blank\" rel=\"noreferrer noopener\">APA<\/a>,&nbsp;<a href=\"https:\/\/www.apa.org\/pubs\/databases\/psycinfo\/\">PsycINFO<\/a><\/p>\n<\/div>\n<\/div>\n\n\n\n<p><\/p>\n","protected":false},"excerpt":{"rendered":"<p>Pr\u00e9sentation Le\u00a0bulletin de psychologie\u00a0concourt \u00e0 la diffusion de la culture, de la langue et des connaissances scientifiques en langue fran\u00e7aise. Des contributions originales couvrant les divers domaines de la psychologie L\u2019ind\u00e9pendance \u00e9ditoriale du\u00a0bulletin de psychologie\u00a0et son esprit d\u2019ouverture favorisent la publication de travaux qui s\u2019inscrivent dans les courants les plus actuels de la recherche comme [&hellip;]<\/p>\n","protected":false},"author":1,"featured_media":0,"parent":0,"menu_order":0,"comment_status":"closed","ping_status":"closed","template":"","meta":{"footnotes":""},"class_list":["post-77","page","type-page","status-publish","hentry"],"_links":{"self":[{"href":"https:\/\/site.bulletindepsychologie.net\/index.php\/wp-json\/wp\/v2\/pages\/77","targetHints":{"allow":["GET"]}}],"collection":[{"href":"https:\/\/site.bulletindepsychologie.net\/index.php\/wp-json\/wp\/v2\/pages"}],"about":[{"href":"https:\/\/site.bulletindepsychologie.net\/index.php\/wp-json\/wp\/v2\/types\/page"}],"author":[{"embeddable":true,"href":"https:\/\/site.bulletindepsychologie.net\/index.php\/wp-json\/wp\/v2\/users\/1"}],"replies":[{"embeddable":true,"href":"https:\/\/site.bulletindepsychologie.net\/index.php\/wp-json\/wp\/v2\/comments?post=77"}],"version-history":[{"count":19,"href":"https:\/\/site.bulletindepsychologie.net\/index.php\/wp-json\/wp\/v2\/pages\/77\/revisions"}],"predecessor-version":[{"id":544,"href":"https:\/\/site.bulletindepsychologie.net\/index.php\/wp-json\/wp\/v2\/pages\/77\/revisions\/544"}],"wp:attachment":[{"href":"https:\/\/site.bulletindepsychologie.net\/index.php\/wp-json\/wp\/v2\/media?parent=77"}],"curies":[{"name":"wp","href":"https:\/\/api.w.org\/{rel}","templated":true}]}}