{"id":1022,"date":"2026-04-15T20:18:15","date_gmt":"2026-04-15T18:18:15","guid":{"rendered":"https:\/\/site.bulletindepsychologie.net\/?post_type=product&#038;p=1022"},"modified":"2026-04-21T18:20:50","modified_gmt":"2026-04-21T16:20:50","slug":"numero-592-varia","status":"publish","type":"product","link":"https:\/\/site.bulletindepsychologie.net\/index.php\/produit\/numero-592-varia\/","title":{"rendered":"Num\u00e9ro 592 &#8211; Varia"},"content":{"rendered":"<p style=\"text-align: center;\"><strong><a href=\"https:\/\/shs.cairn.info\/revue-bulletin-de-psychologie?lang=fr\">Num\u00e9ro consultable en ligne sur Cairn<\/a><\/strong><\/p>\n<p><strong>Nkawiri Rogomb\u00e9 (Ornella), Gangloff (Bernard).\u2014 Justice sociale et comportements citoyens\u00a0: une illustration gabonaise, <em>Bulletin de psychologie<\/em>, Tome 79 (2), N\u00b0592, 2026, p. 3-22<\/strong><br \/>\nR\u00e9sum\u00e9\u00a0: Bon nombre d\u2019\u00e9tudes dans le domaine de la psychologie organisationnelle se concentrent sur la relation entre la justice organisationnelle et les comportements de citoyennet\u00e9 organisationnelle. Nous partons de l\u2019id\u00e9e qu\u2019un tel lien peut \u00eatre constat\u00e9 en dehors de la sph\u00e8re organisationnelle notamment dans la vie de tous les jours. Nous avons ajust\u00e9 \u00e0 la vie civile deux questionnaires utilis\u00e9s dans les organisations pour mesurer ces deux concepts et les avons administr\u00e9s aupr\u00e8s d\u2019un \u00e9chantillon tout venant de 295 participants. Les r\u00e9sultats montrent que la justice sociale est effectivement en lien avec les comportements de citoyennet\u00e9 sociale.<\/p>\n<p>Title: Social Justice and Citizen Behaviors: A Gabonese Illustration<br \/>\nAbstract: Many studies in the field of organizational psychology focus on the relationship between organizational justice and citizenship behaviors. We start from the idea that such a link can be observed outside the organizational sphere, particularly in everyday life. We took two questionnaires used in organizations to measure these two concepts, we adjusted them to civilian life, and conducted an all-comers sample of 295 participants. The results show that social justice is linked to social citizenship behaviors.<\/p>\n<hr class=\"wp-block-separator has-alpha-channel-opacity is-style-dots\" \/>\n<p><strong>Chagneaud (Laurenne), Roques (Marjorie).\u2014 La solution \u00e9m\u00e9tophobique\u00a0: une lecture psychanalytique contemporaine de la phobie, <em>Bulletin de psychologie<\/em>, Tome 79 (2), N\u00b0592, 2026, p. 23-31<\/strong><br \/>\nR\u00e9sum\u00e9\u00a0: L\u2019\u00e9m\u00e9tophobie est caract\u00e9ris\u00e9e par la peur de vomir ou de voir une personne vomir. Elle est associ\u00e9e \u00e0 la clinique de la phobie dans le champ des th\u00e9rapies cognitives et comportementales puisqu\u2019elle comporte des conduites d\u2019\u00e9vitement et de r\u00e9assurance, circonscrites autour d\u2019un objet porteur de peur, de d\u00e9go\u00fbt et de crainte : le vomi. Les recherches psychanalytiques au sujet de la phobie partagent cette lecture de la phobie tout en y ajoutant une fonction non n\u00e9gligeable dans l\u2019appareil psychique : permettre l\u2019expression d\u2019un conflit inconscient. Dans ce cas, supprimer le sympt\u00f4me phobique pourrait alors d\u00e9stabiliser l\u2019hom\u00e9ostasie psychique du sujet, et d\u2019autant plus si le sympt\u00f4me avait pour fonction de pallier des angoisses narcissiques d\u00e9pressives selon l\u2019hypoth\u00e8se propos\u00e9e ici en ce qui concerne l\u2019\u00e9m\u00e9tophobie.<\/p>\n<p>Title: Emetophobic solution: On temporary psychoanalytic reading of phobia<br \/>\nAbstract: Emetophobia (SPOV) is the fear of vomiting or seeing someone vomiting. In this phobia, we can identify, via cognitive and behavioral therapy, avoidance and reassurance-seeking behaviors. Clinical psychoanalytic research shares this reading of phobia but adds to it a determining function in the psychic balance: enabling the expression of an unconscious conflict. In this case, suppressing the phobic symptom could destabilize the subject\u2019s psychic balance, in particular if the symptom served to alleviate depressive narcissistic anxieties, as in our hypothesis concerning emetophobia.<\/p>\n<hr class=\"wp-block-separator has-alpha-channel-opacity is-style-dots\" \/>\n<p><strong>Ham (Mohammed), Barriol (C\u00e9line), Collet (Charlotte).\u2014 Scopophilie et massification du lien social\u00a0: ali\u00e9nation \u00e0 l\u2019imaginaire ou captation par l\u2019image\u00a0?, <em>Bulletin de psychologie<\/em>, Tome 79 (2), N\u00b0592, 2026, p. 33-40<\/strong><br \/>\nR\u00e9sum\u00e9\u00a0: Les sympt\u00f4mes contemporains tendent \u00e0 rendre compte d\u2019une mutation du lien social cristallis\u00e9e autour de l\u2019h\u00e9g\u00e9monie du voir, du scopique, signant un basculement du sujet dans le \u00ab jouir de voir \u00bb et d\u2019\u00ab \u00eatre vu \u00bb. Nous postulons que la fixit\u00e9 aux images, prises comme des \u00ab v\u00e9rit\u00e9s \u00bb, des \u00ab preuves \u00bb, port\u00e9e par l\u2019id\u00e9ologie technoscientiste et le discours capitaliste, mettrait \u00e0 mal les processus du refoulement des sujets contemporains, lesquels semblent suspendus dans une modalit\u00e9 de jouissance scopophilique qui ne se soutient ni de l\u2019alt\u00e9rit\u00e9 ni du d\u00e9sir de l\u2019Autre. L\u2019analyse de la mouvance technoscientiste dans le discours capitaliste sert de guide pour comprendre la logique qui oriente ces nouvelles subjectivit\u00e9s.<\/p>\n<p>Title: Scopophilia and the massification of the social bond: Alienation from the imaginary or capture by the image?<br \/>\nAbstract: Contemporary symptoms tend to reflect an evolution of the social bond crystallized around the hegemony of seeing, of the scopic, signaling a tipping of the subject into the \u201cjouissance of seeing\u201d and \u201cbeing seen.\u201d We postulate that the fixation on images as \u201ctruths\u201d and \u201cproofs,\u201d driven by techno-scientific ideology and capitalist discourse, is undermining the repression processes of contemporary subjects, who seem to be suspended in a mode of scopophilic jouissance that supports neither otherness nor the desire of the Other. An analysis of the techno-scientific movement in capitalist discourse serves as a guide to understanding the logic driving these new subjectivities.<\/p>\n<hr class=\"wp-block-separator has-alpha-channel-opacity is-style-dots\" \/>\n<p><strong>Garcia (Mathieu), Rouchy (Emma), Michel (Gr\u00e9gory).\u2014 Traits psychopathiques et jugements moraux\u00a0: une \u00e9tude adoss\u00e9e au mod\u00e8le CNI, <em>Bulletin de psychologie<\/em>, Tome 79 (2), N\u00b0592, 2026, p. 41-62<\/strong><br \/>\nR\u00e9sum\u00e9\u00a0: La question de savoir si la pr\u00e9sence de caract\u00e9ristiques psychopathiques supprime toute pr\u00e9occupation d\u2019ordre moral ne se laisse pas facilement trancher. Avec cette \u00e9tude r\u00e9alis\u00e9e en population g\u00e9n\u00e9rale, nous tentons d\u2019apporter quelques \u00e9claircissements en recourant \u00e0 de nouveaux dilemmes \u00e9thiques d\u00e9clin\u00e9s selon plusieurs variantes. Les conditions manipul\u00e9es au sein des sc\u00e9narios propos\u00e9s permettent de mieux cerner les param\u00e8tres venant orienter les d\u00e9cisions morales des participants interrog\u00e9s (n= 757 ; \u00e2ge= 18-20 ; sexe-ratio= 45 %-55 %). Les diff\u00e9rentes analyses effectu\u00e9es (r\u00e9gressions multiples et mod\u00e9lisation par \u00e9quations structurelles) montrent que certaines facettes de la personnalit\u00e9 psychopathique sont \u00e9troitement li\u00e9es \u00e0 un manque de sensibilit\u00e9 \u00e0 l\u2019\u00e9gard des normes morales (proscriptives et prescriptives), ainsi qu\u2019\u00e0 un utilitarisme r\u00e9solument instrumental (et donc non impartial). La port\u00e9e de ces r\u00e9sultats est discut\u00e9e.<\/p>\n<p>Title: Revisiting the links between psychopathic traits and moral-dilemma judgments: A study using the CNI modeln \u2013 what are the impacts on workplace well-being?<br \/>\nAbstract: The question of whether the presence of psychopathic characteristics eliminates any moral concerns remains hotly debated. In this general population study, we attempt to shed some light on this issue by using new ethical dilemmas including several variants. The conditions manipulated within the proposed scenarios provide a better understanding of the parameters guiding the moral decision-making of the individuals surveyed (n= 757; age= 18\u201320; sex ratio= 45%\u201355%). The various analyses carried out (multiple regression, or structural equation modeling) show that certain facets of the psychopathic personality are closely linked to a lack of sensitivity to moral norms (proscriptive and prescriptive), and to a resolutely instrumental (and therefore non-impartial) utilitarianism. The scope of these findings is discussed in detail.<\/p>\n<p class=\"has-pale-cyan-blue-background-color has-background\"><strong>\u2022 r\u00e9sum\u00e9s de th\u00e8se <\/strong><\/p>\n<p><strong>Reyre (R\u00e9my).\u2014 Le corps en-jeu. Impacts de la perte du double ancrage corporel dans les cliniques de l\u2019autisme et de la psychose infantile, <em>Bulletin de psychologie<\/em>, Tome 79 (2), N\u00b0592, 2026, p. 63-67<\/strong><br \/>\nTitle: The body at stake. Impacts of the loss of the double bodily anchor in autism and childhood psychosis clinics<\/p>\n<hr class=\"wp-block-separator has-alpha-channel-opacity is-style-dots\" \/>\n<p><strong>Marie (Charly).\u2014 \u00catre sans emploi, un frein dans la recherche d\u2019emploi\u00a0? Enjeux et perspectives psycho-sociales sur la stigmatisation des ch\u00f4meurs, <em>Bulletin de psychologie<\/em>, Tome 79 (2), N\u00b0592, 2026, p. 68-72<\/strong><br \/>\nTitle: Is Being Unemployed an Obstacle to Finding a Job? Psychosocial Issues and Perspectives on the Stigmatization of Unemployed People<\/p>\n<hr class=\"wp-block-separator has-alpha-channel-opacity is-style-dots\" \/>\n<p><strong>Cherrier (Chlo\u00e9).\u2014 Violences entre partenaires intimes chez les adultes \u00e9mergents\u00a0: facteurs psychosociaux et comp\u00e9tences psychosociales, <em>Bulletin de psychologie<\/em>, Tome 79 (2), N\u00b0592, 2026, p. 73-76<\/strong><br \/>\nTitle: Intimate Partner Violence in Emerging Adults: Psychosocial Factors and Life Skills<\/p>\n<hr class=\"wp-block-separator has-alpha-channel-opacity is-style-dots\" \/>\n<p><strong>Pineau (Simon).\u2014 Trajectoires de l\u2019identit\u00e9 vocationnelle durant l\u2019ann\u00e9e de terminale\u00a0: r\u00f4le des processus \u00e9motionnels et du soutien per\u00e7u des parents et du professeur principal, <em>Bulletin de psychologie<\/em>, Tome 79 (2), N\u00b0592, 2026, p. 77-80<\/strong><br \/>\nTitle: Vocational identity trajectories in the final year of high school: The roles of emotional processes and perceived parent and teacher support<\/p>\n<p class=\"has-pale-cyan-blue-background-color has-background\"><strong>\u2022 \u00e0 travers les livres<\/strong><\/p>\n","protected":false},"excerpt":{"rendered":"<p>Num\u00e9ro 592, tome 79 (fasc. 2), ann\u00e9e 2026 &#8211; Varia<\/p>\n","protected":false},"featured_media":1024,"template":"","meta":[],"product_brand":[],"product_cat":[21],"product_tag":[],"class_list":{"0":"post-1022","1":"product","2":"type-product","3":"status-publish","4":"has-post-thumbnail","6":"product_cat-numeros","8":"first","9":"instock","10":"taxable","11":"shipping-taxable","12":"purchasable","13":"product-type-simple"},"_links":{"self":[{"href":"https:\/\/site.bulletindepsychologie.net\/index.php\/wp-json\/wp\/v2\/product\/1022","targetHints":{"allow":["GET"]}}],"collection":[{"href":"https:\/\/site.bulletindepsychologie.net\/index.php\/wp-json\/wp\/v2\/product"}],"about":[{"href":"https:\/\/site.bulletindepsychologie.net\/index.php\/wp-json\/wp\/v2\/types\/product"}],"wp:featuredmedia":[{"embeddable":true,"href":"https:\/\/site.bulletindepsychologie.net\/index.php\/wp-json\/wp\/v2\/media\/1024"}],"wp:attachment":[{"href":"https:\/\/site.bulletindepsychologie.net\/index.php\/wp-json\/wp\/v2\/media?parent=1022"}],"wp:term":[{"taxonomy":"product_brand","embeddable":true,"href":"https:\/\/site.bulletindepsychologie.net\/index.php\/wp-json\/wp\/v2\/product_brand?post=1022"},{"taxonomy":"product_cat","embeddable":true,"href":"https:\/\/site.bulletindepsychologie.net\/index.php\/wp-json\/wp\/v2\/product_cat?post=1022"},{"taxonomy":"product_tag","embeddable":true,"href":"https:\/\/site.bulletindepsychologie.net\/index.php\/wp-json\/wp\/v2\/product_tag?post=1022"}],"curies":[{"name":"wp","href":"https:\/\/api.w.org\/{rel}","templated":true}]}}