{"id":562,"date":"2025-10-26T11:53:42","date_gmt":"2025-10-26T10:53:42","guid":{"rendered":"https:\/\/site.bulletindepsychologie.net\/?post_type=product&#038;p=562"},"modified":"2025-12-30T21:26:30","modified_gmt":"2025-12-30T20:26:30","slug":"abonnement-complement-cairn-2026","status":"publish","type":"product","link":"https:\/\/site.bulletindepsychologie.net\/index.php\/produit\/abonnement-complement-cairn-2026\/","title":{"rendered":"Abonnement compl\u00e9ment CAIRN 2026"},"content":{"rendered":"<p>Abonnement aux 4 num\u00e9ros du tome.<\/p>\n<p>Tarif pr\u00e9f\u00e9rentiel pour les abonn\u00e9s du bulletin au format num\u00e9rique de CAIRN.<\/p>\n","protected":false},"excerpt":{"rendered":"<p>Abonnement aux 4 num\u00e9ros du tome.<\/p>\n<p>Tarif pr\u00e9f\u00e9rentiel pour les abonn\u00e9s du bulletin au format num\u00e9rique de CAIRN.<\/p>\n","protected":false},"featured_media":975,"template":"","meta":[],"product_brand":[26],"product_cat":[20],"product_tag":[],"class_list":{"0":"post-562","1":"product","2":"type-product","3":"status-publish","4":"has-post-thumbnail","6":"product_brand-nouveau","7":"product_cat-abonnement","9":"first","10":"instock","11":"taxable","12":"shipping-taxable","13":"purchasable","14":"product-type-simple"},"_links":{"self":[{"href":"https:\/\/site.bulletindepsychologie.net\/index.php\/wp-json\/wp\/v2\/product\/562","targetHints":{"allow":["GET"]}}],"collection":[{"href":"https:\/\/site.bulletindepsychologie.net\/index.php\/wp-json\/wp\/v2\/product"}],"about":[{"href":"https:\/\/site.bulletindepsychologie.net\/index.php\/wp-json\/wp\/v2\/types\/product"}],"wp:featuredmedia":[{"embeddable":true,"href":"https:\/\/site.bulletindepsychologie.net\/index.php\/wp-json\/wp\/v2\/media\/975"}],"wp:attachment":[{"href":"https:\/\/site.bulletindepsychologie.net\/index.php\/wp-json\/wp\/v2\/media?parent=562"}],"wp:term":[{"taxonomy":"product_brand","embeddable":true,"href":"https:\/\/site.bulletindepsychologie.net\/index.php\/wp-json\/wp\/v2\/product_brand?post=562"},{"taxonomy":"product_cat","embeddable":true,"href":"https:\/\/site.bulletindepsychologie.net\/index.php\/wp-json\/wp\/v2\/product_cat?post=562"},{"taxonomy":"product_tag","embeddable":true,"href":"https:\/\/site.bulletindepsychologie.net\/index.php\/wp-json\/wp\/v2\/product_tag?post=562"}],"curies":[{"name":"wp","href":"https:\/\/api.w.org\/{rel}","templated":true}]}}